{"id":12,"date":"2023-02-15T17:51:42","date_gmt":"2023-02-15T17:51:42","guid":{"rendered":"http:\/\/af.dfettel.de\/?page_id=12"},"modified":"2023-02-21T13:07:31","modified_gmt":"2023-02-21T13:07:31","slug":"zeitleiste","status":"publish","type":"page","link":"https:\/\/af.dfettel.de\/?page_id=12","title":{"rendered":"Zeitleiste"},"content":{"rendered":"<p><strong>Sicherheitspolitische Chronologie:<\/strong><\/p>\n<p><strong>\u00a07. Januar 2001<\/strong> \u2013 Taliban-K\u00e4mpfer t\u00f6ten etwa 150 Menschen in Bamiyan.<\/p>\n<p><strong>\u00a012. M\u00e4rz 2001<\/strong> \u2013 Taliban-Milizen sprengen auf Anordnung von Mullah Mohammed Omar,<br \/>\nvon 1996 bis 2001 Staatsoberhaupt des Islamischen Emirats Afghanistan, die (schon<br \/>\nstark besch\u00e4digten) <a href=\"\/?page_id=12\">Buddha-Statuen von Bamiyan.<\/a> Dadurch werden die Taliban in der<br \/>\nWelt\u00f6ffentlichkeit bekannt.<\/p>\n<p><img decoding=\"async\" loading=\"lazy\" class=\"alignnone size-medium wp-image-90\" src=\"http:\/\/af.dfettel.de\/wp-content\/uploads\/2023\/02\/350px-Taller_Buddha_of_Bamiyan_before_and_after_destruction-300x248.jpg\" alt=\"\" width=\"300\" height=\"248\" srcset=\"https:\/\/af.dfettel.de\/wp-content\/uploads\/2023\/02\/350px-Taller_Buddha_of_Bamiyan_before_and_after_destruction-300x248.jpg 300w, https:\/\/af.dfettel.de\/wp-content\/uploads\/2023\/02\/350px-Taller_Buddha_of_Bamiyan_before_and_after_destruction.jpg 350w\" sizes=\"(max-width: 300px) 100vw, 300px\" \/><\/p>\n<p><em> <a href=\"\/?page_id=12\">Buddha-Statuen von Bamiyan<\/a><\/em><\/p>\n<p style=\"text-align: left;\"><strong>9. September 2001<\/strong> \u2013 Der Anf\u00fchrer der Nordallianz und Verteidigungsminister von Afghanistan, \u00a0AhmadShahMassoud, wird von zwei <a href=\"\/?page_id=12\">Al-Qaida<\/a>-Aktivisten ermordet.<\/p>\n<p>&nbsp;<\/p>\n<div id=\"attachment_94\" style=\"width: 191px\" class=\"wp-caption alignnone\"><img aria-describedby=\"caption-attachment-94\" decoding=\"async\" loading=\"lazy\" class=\"wp-image-94 size-full\" src=\"http:\/\/af.dfettel.de\/wp-content\/uploads\/2023\/02\/images.jpg\" alt=\"AhmadShahMassoud\" width=\"181\" height=\"278\" \/><p id=\"caption-attachment-94\" class=\"wp-caption-text\">AhmadShahMassoud<\/p><\/div>\n<p style=\"text-align: left;\">.<\/p>\n<p>&nbsp;<\/p>\n<p><strong>26. September 2001<\/strong> \u2013 Im Rahmen der Operation \u201eJawbreaker\u201c sind nur f\u00fcnfzehn Tage<br \/>\nnach 9\/11 die ersten US-Kr\u00e4fte im Einsatz auf afghanischem Boden: eine Gruppe von<br \/>\nsieben CIA-Paramilit\u00e4rs und drei Piloten landen im Pandschschir-Tal in einem russischen<br \/>\nHubschrauber vom Typ Mil-Mi 17 und nehmen Verbindung mit den Anf\u00fchrern der Nord-Allianz auf. Der Hubschrauber wird heute in Langley am Sitz der CIA ausgestellt.100<br \/>\nAbb.: \u201eW\u00e4hrend die CIA-Kr\u00e4fte sich auf den Flug nach Afghanistan vorbereiten, f\u00fcgt ein<br \/>\nGruppenmitglied die Seriennummer \u201a91101\u2018 auf dem Heckausleger zum Gedenken an die<br \/>\nOpfer der Anschl\u00e4ge vom 11. September 2001 hinzu.\u201c<br \/>\n<strong>\u00a07. Oktober 2001<\/strong> \u2013 Der <a href=\"\/?page_id=12\">Krieg gegen den Terror<\/a> f\u00e4ngt an: Das US-Milit\u00e4r beginnt mit<br \/>\nbritischer Unterst\u00fctzung eine Bombenkampagne gegen die Taliban-Kr\u00e4fte. Kanada,<br \/>\nAustralien, Deutschland und Frankreich versprechen k\u00fcnftige Unterst\u00fctzung. Am gleichen<br \/>\nTag beginnt die <a href=\"\/?page_id=12\">Operation Enduring Freedom<\/a>.<\/p>\n<p><strong>\u00a019. bis 20. Oktober 2001<\/strong> \u2013 Erste gr\u00f6\u00dfere Bodenoperation des Krieges. Etwa 300 US-Rangers<br \/>\nund weitere SOCOM-Einheiten103 werden auf die Ziele \u201eRhino\u201c (Flugplatz) und \u201eGecko\u201c in<br \/>\nder N\u00e4he von Kandahar abgesetzt und nehmen diese ein.104<br \/>\n<strong>\u00a09. November 2001<\/strong> \u2013 <a href=\"\/?page_id=12\">Masar-e Sharif<\/a> wird als erste Stadt von der Taliban-Herrschaft<br \/>\nbefreit.<\/p>\n<p><strong>\u00a011. November 2001<\/strong> \u2013 Kabul wird von der <a href=\"\/?page_id=12\">Nordallianz<\/a> eingenommen.<\/p>\n<p><strong>\u00a011. November 2001<\/strong> \u2013 Der \u201eStern\u201c-Reporter Volker Handloik, zwei Journalisten von Radio<br \/>\nFrance International sowie ein russischer und ein australischer Journalist geraten in einen<br \/>\nHinterhalt der Taliban im Nordosten Afghanistans und werden get\u00f6tet.<\/p>\n<p><strong>\u00a013. November 2001<\/strong> \u2013 Von den USA unterst\u00fctzte Truppen der Nordallianz nehmen Kabul<br \/>\nein. Die Taliban ziehen sich nach S\u00fcden zur\u00fcck. Innerhalb eines Monats sind Taliban<br \/>\n-F\u00fchrer aus S\u00fcdafghanistan nach Pakistan geflohen.<br \/>\n<strong>13. November bis 22. Dezember 2001<\/strong> \u2013 <a href=\"\/?page_id=12\">Burhanuddin Rabbani<\/a> wird Staatspr\u00e4sident von<br \/>\nAfghanistan.<\/p>\n<p><strong>Dezember 2001<\/strong> \u2013 Massaker von Dascht-i-Leili: Ermordung von 250 bis 2.000 Menschen<br \/>\ndurch die Miliz von General Rashid Dostum, welcher im Auftrag der US-Koalition<br \/>\nGefangene transportieren sollte.<br \/>\n<b>5. Dezember<\/b>\u2013 Verk\u00fcndung einer Interimsregierung unter <a href=\"\/?page_id=12\">Hamid Karzai<\/a> in der<br \/>\nAfghanistan-Konferenz auf dem Petersberg in Bonn.<br \/>\n<strong>7. Dezember 2001<\/strong> \u2013 <a href=\"\/?page_id=12\">Kandahar<\/a>, die Taliban-Hochburg, wird befreit. Mullah Omar, der<br \/>\nAnf\u00fchrer der Taliban, kann fliehen. Der 1960 geborene <a href=\"\/?page_id=12\">Mohammed Omar Mujahid<\/a> soll<br \/>\n2013 in einem Krankenhaus in Pakistan an Tuberkulose gestorben sein.<\/p>\n<div id=\"attachment_100\" style=\"width: 180px\" class=\"wp-caption alignnone\"><img aria-describedby=\"caption-attachment-100\" decoding=\"async\" loading=\"lazy\" class=\"wp-image-100 size-full\" src=\"http:\/\/af.dfettel.de\/wp-content\/uploads\/2023\/02\/Mohammed_Omar_in_1978.jpg\" alt=\"Mullah Omar (Mohammed Omar Mujahid)\" width=\"170\" height=\"207\" \/><p id=\"caption-attachment-100\" class=\"wp-caption-text\">Mullah Omar (Mohammed Omar Mujahid)<\/p><\/div>\n<p><strong>12. bis 17. Dezember 2001<\/strong> \u2013 Schlacht um <a href=\"\/?page_id=12\">Tora Bora<\/a> an der afghanisch-pakistanischen<br \/>\nGrenze. US-Truppen, Truppen der Nordallianz und \u2013 laut Presseberichten \u2013 Angeh\u00f6rige<br \/>\ndes deutschen <a href=\"\/?page_id=12\">Kommando Spezialkr\u00e4fte (KSK)<\/a> 116 versuchen Osama bin Laden festzusetzen<br \/>\noder zu eliminieren. Osama bin Laden kann jedoch \u00fcber die Grenze nach Pakistan fl\u00fcchten und 10 Jahre lang untertauchen.<\/p>\n<p><strong>17. Dezember 2001<\/strong> \u2013 Das Islamische Emirat Afghanistans wird nach 5 Jahren, 2 Monaten<br \/>\nund 20 Tagen aufgel\u00f6st.<\/p>\n<p><strong>\u00a020. Dezember 2001<\/strong> \u2013 Beginn der<a href=\"\/?page_id=12\"> ISAF-Operationen (International Security Assistance<\/a><br \/>\nForce) auf der Grundlage der VN-Sicherheitsrats-Resolution 1386 (2001)120 mit einer auf<br \/>\nKabul und Umgebung begrenzten r\u00e4umlichen Zust\u00e4ndigkeit sowie einer St\u00e4rke von unter<br \/>\n5.000 Soldaten. Au\u00dferhalb Kabuls findet die \u201eOperation Enduring Freedom\u201c (OEF) unter<br \/>\nF\u00fchrung der USA statt.<\/p>\n<p><strong>7. Oktober 2001<\/strong> \u2013 Beginn der \u201eOperation Enduring Freedom\u201c (OEF) und somit des \u201eKrieges<br \/>\ngegen den Terror\u201c in Afghanistan.<br \/>\n<strong>November 2001<\/strong> \u2013 <a href=\"\/?page_id=12\">Murat Kurnaz<\/a>, ein in Deutschland 1982 geborener und<br \/>\naufgewachsener t\u00fcrkischer Staatsb\u00fcrger, wird in Pakistan bei einer Routinekontrolle<br \/>\nfestgenommen. Dort wollte er nach eigenen Angaben den Koran studieren. Zun\u00e4chst wird<br \/>\ner gegen ein Kopfgeld von 3.000 US-Dollar von Pakistan nach Afghanistan<br \/>\n\u00fcberf\u00fchrt und an die US-Kr\u00e4fte \u00fcbergeben. In Gefangenenlager Kandahar in Afghanistan<br \/>\nfindet ein Treffen mit deutschen Soldaten des Kommandos Spezialkr\u00e4fte statt, wobei die<br \/>\nUmst\u00e4nde dieses Treffens nicht restlos gekl\u00e4rt werden konnten. Im Januar 2002 wird<br \/>\nKurnaz von den Amerikanern ins Gefangenenlager Guant\u00e1namo auf Kuba verlegt.<br \/>\nNach eigenen Angaben wurde Kurnaz sowohl in Kandahar als auch in Guant\u00e1namo<br \/>\ngefoltert. Grund f\u00fcr seine Verlegung ist eine (zun\u00e4chst vorl\u00e4ufige, 2004 von einem<br \/>\nmilit\u00e4rischen Gericht best\u00e4tigte) Einstufung als \u201eEnemy combatant\u201c (Feindlicher<br \/>\nK\u00e4mpfer). Aus im Jahr 2005 nicht mehr eingestuften Dokumenten geht hervor, dass sowohl<br \/>\namerikanische als auch deutsche Geheimdienstkreise sp\u00e4testens im September 2002 zu<br \/>\ndem Schluss gekommen waren, dass Kurnaz\u2018 Unschuld bewiesen sei.Laut<br \/>\nPressrecherchen haben die US-Amerikaner daher die Freilassung Kurnaz\u2018 schon 2002.<\/p>\n<p>Der Bundestag wird 2003 im ParlamentarischenKontrollgremium vom Bundesnachrichtendienst \u00fcber den Sachstand informiert. Erst im Oktober 2004, das hei\u00dft nach der milit\u00e4rgerichtlichen Verhandlung in dem er als<br \/>\n\u201eFeindlicher K\u00e4mpfer\u201c \u2013 trotz gegenteiliger Sachlage \u2013 eingestuft wurde, erh\u00e4lt Kurnaz<br \/>\nZugang zu einem amerikanischen Rechtsbeistand. Anfang 2006 wird \u00f6ffentlich bekannt,<br \/>\ndass die Deutsche Botschaft \u00fcber die Freilassung Kurnatz\u2018 verhandelt. Diese Bem\u00fchungen<br \/>\nf\u00fchren am 24. August 2006 zu seiner Freilassung und R\u00fcckkehr nach Deutschland.<br \/>\nMurat Kurnaz hat seine Erfahrungen in dem Buch F\u00fcnf Jahre meines Lebens: Ein<br \/>\nBericht aus Guantanamo festgehalten.<br \/>\n<strong>\u00a016. November 2001<\/strong> \u2013 Bundeskanzler <a href=\"\/?page_id=12\">Gerhard Schr\u00f6de<\/a>r (SPD) stellt die Vertrauensfrage.<br \/>\n\u201eAuch wenn es seit Gr\u00fcndung der Bundesrepublik bereits das vierte Mal war, dass dieses<br \/>\nInstrument \u00fcberhaupt nach Artikel 68 Absatz 1 des Grundgesetzes zum Einsatz kam, so war<br \/>\nSchr\u00f6ders Antrag doch ein Novum: Zum ersten Mal verkn\u00fcpfte ein Kanzler die<br \/>\nVertrauensfrage mit einer ganz konkreten Sachfrage.<\/p>\n<div id=\"attachment_111\" style=\"width: 310px\" class=\"wp-caption alignnone\"><img aria-describedby=\"caption-attachment-111\" decoding=\"async\" loading=\"lazy\" class=\"wp-image-111 size-medium\" src=\"http:\/\/af.dfettel.de\/wp-content\/uploads\/2023\/02\/imago0078458468s-300x206.jpg\" alt=\"Kanzler Schr\u00f6der mit Soldaten\" width=\"300\" height=\"206\" srcset=\"https:\/\/af.dfettel.de\/wp-content\/uploads\/2023\/02\/imago0078458468s-300x206.jpg 300w, https:\/\/af.dfettel.de\/wp-content\/uploads\/2023\/02\/imago0078458468s.jpg 611w\" sizes=\"(max-width: 300px) 100vw, 300px\" \/><p id=\"caption-attachment-111\" class=\"wp-caption-text\">Bundeskanzler Gerhard Schr\u00f6der , SPD , besucht das Kommando Spezialkr\u00e4fte ( KSK ) der Bundeswehr in Calw. Hier Bundeskanzler Schroeder im Gespraech mit dem Kommandeur des KSK Brigadegeneral Carl Hubertus von Butler. Calw , den 05.02.2004 , Calw Deutschland Copyright: Thomas Imox<\/p><\/div>\n<p>In diesem Fall mit einem Antrag der Bundesregierung auf Entsendung deutscher Streitkr\u00e4fte f\u00fcr den von den USA angef\u00fchrten<br \/>\nKampf gegen den internationalen Terrorismus im Rahmen der Operation \u201eEnduring<br \/>\nFreedom\u201c in Afghanistan.\u201c Von 662 Abgeordneten stimmen 336 mit \u201eJa\u201c (zwei Stimmen<br \/>\nmehr als die erforderliche absolute Mehrheit) und 326 mit \u201eNein\u201c.<br \/>\n<strong>\u00a022. Dezember 2001<\/strong> \u2013 Der Bundestag debattiert \u00fcber den Antrag der Bundesregierung zur<br \/>\n\u201eBeteiligung bewaffneter deutscher Streitkr\u00e4fte an dem Einsatz einer Internationalen<br \/>\nSicherheitsunterst\u00fctzungstruppe in Afghanistan auf der Grundlage der Resolutionen 1386<br \/>\n(2001), 1383 (2001) und 1378 (2001) des Sicherheitsrats der Vereinten Nationen.\u201c132<br \/>\nStrittig ist vor allem die Truppenst\u00e4rke, welche im Laufe der Jahre immer wieder angepasst<br \/>\nwerden wird.<\/p>\n","protected":false},"excerpt":{"rendered":"<p>Sicherheitspolitische Chronologie: \u00a07. Januar 2001 \u2013 Taliban-K\u00e4mpfer t\u00f6ten etwa 150 Menschen in Bamiyan. \u00a012. M\u00e4rz 2001 \u2013 Taliban-Milizen sprengen auf Anordnung von Mullah Mohammed Omar, von 1996 bis 2001 Staatsoberhaupt des Islamischen Emirats Afghanistan, die (schon stark besch\u00e4digten) Buddha-Statuen von Bamiyan. Dadurch werden die Taliban in der Welt\u00f6ffentlichkeit bekannt. Buddha-Statuen von Bamiyan 9. September 2001 [&hellip;]<\/p>\n","protected":false},"author":1,"featured_media":0,"parent":0,"menu_order":0,"comment_status":"closed","ping_status":"closed","template":"","meta":[],"yoast_head":"<!-- This site is optimized with the Yoast SEO plugin v20.1 - https:\/\/yoast.com\/wordpress\/plugins\/seo\/ -->\n<title>Zeitleiste - Afghanistan Story<\/title>\n<meta name=\"robots\" content=\"index, follow, max-snippet:-1, max-image-preview:large, max-video-preview:-1\" \/>\n<link rel=\"canonical\" href=\"http:\/\/af.dfettel.de\/?page_id=12\" \/>\n<meta property=\"og:locale\" content=\"de_DE\" \/>\n<meta property=\"og:type\" content=\"article\" \/>\n<meta property=\"og:title\" content=\"Zeitleiste - Afghanistan Story\" \/>\n<meta property=\"og:description\" content=\"Sicherheitspolitische Chronologie: \u00a07. Januar 2001 \u2013 Taliban-K\u00e4mpfer t\u00f6ten etwa 150 Menschen in Bamiyan. \u00a012. M\u00e4rz 2001 \u2013 Taliban-Milizen sprengen auf Anordnung von Mullah Mohammed Omar, von 1996 bis 2001 Staatsoberhaupt des Islamischen Emirats Afghanistan, die (schon stark besch\u00e4digten) Buddha-Statuen von Bamiyan. Dadurch werden die Taliban in der Welt\u00f6ffentlichkeit bekannt. Buddha-Statuen von Bamiyan 9. September 2001 [&hellip;]\" \/>\n<meta property=\"og:url\" content=\"http:\/\/af.dfettel.de\/?page_id=12\" \/>\n<meta property=\"og:site_name\" content=\"Afghanistan Story\" \/>\n<meta property=\"article:modified_time\" content=\"2023-02-21T13:07:31+00:00\" \/>\n<meta property=\"og:image\" content=\"http:\/\/af.dfettel.de\/wp-content\/uploads\/2023\/02\/350px-Taller_Buddha_of_Bamiyan_before_and_after_destruction-300x248.jpg\" \/>\n<meta name=\"twitter:card\" content=\"summary_large_image\" \/>\n<meta name=\"twitter:label1\" content=\"Gesch\u00e4tzte Lesezeit\" \/>\n\t<meta name=\"twitter:data1\" content=\"7\u00a0Minuten\" \/>\n<script type=\"application\/ld+json\" class=\"yoast-schema-graph\">{\"@context\":\"https:\/\/schema.org\",\"@graph\":[{\"@type\":\"WebPage\",\"@id\":\"http:\/\/af.dfettel.de\/?page_id=12\",\"url\":\"http:\/\/af.dfettel.de\/?page_id=12\",\"name\":\"Zeitleiste - Afghanistan Story\",\"isPartOf\":{\"@id\":\"https:\/\/af.dfettel.de\/#website\"},\"datePublished\":\"2023-02-15T17:51:42+00:00\",\"dateModified\":\"2023-02-21T13:07:31+00:00\",\"breadcrumb\":{\"@id\":\"http:\/\/af.dfettel.de\/?page_id=12#breadcrumb\"},\"inLanguage\":\"de\",\"potentialAction\":[{\"@type\":\"ReadAction\",\"target\":[\"http:\/\/af.dfettel.de\/?page_id=12\"]}]},{\"@type\":\"BreadcrumbList\",\"@id\":\"http:\/\/af.dfettel.de\/?page_id=12#breadcrumb\",\"itemListElement\":[{\"@type\":\"ListItem\",\"position\":1,\"name\":\"Startseite\",\"item\":\"https:\/\/af.dfettel.de\/\"},{\"@type\":\"ListItem\",\"position\":2,\"name\":\"Zeitleiste\"}]},{\"@type\":\"WebSite\",\"@id\":\"https:\/\/af.dfettel.de\/#website\",\"url\":\"https:\/\/af.dfettel.de\/\",\"name\":\"Afghanistan Story\",\"description\":\"Dokumentation des Einsatz der Bundeswehr 2001 - 2021\",\"potentialAction\":[{\"@type\":\"SearchAction\",\"target\":{\"@type\":\"EntryPoint\",\"urlTemplate\":\"https:\/\/af.dfettel.de\/?s={search_term_string}\"},\"query-input\":\"required name=search_term_string\"}],\"inLanguage\":\"de\"}]}<\/script>\n<!-- \/ Yoast SEO plugin. -->","yoast_head_json":{"title":"Zeitleiste - Afghanistan Story","robots":{"index":"index","follow":"follow","max-snippet":"max-snippet:-1","max-image-preview":"max-image-preview:large","max-video-preview":"max-video-preview:-1"},"canonical":"http:\/\/af.dfettel.de\/?page_id=12","og_locale":"de_DE","og_type":"article","og_title":"Zeitleiste - Afghanistan Story","og_description":"Sicherheitspolitische Chronologie: \u00a07. Januar 2001 \u2013 Taliban-K\u00e4mpfer t\u00f6ten etwa 150 Menschen in Bamiyan. \u00a012. M\u00e4rz 2001 \u2013 Taliban-Milizen sprengen auf Anordnung von Mullah Mohammed Omar, von 1996 bis 2001 Staatsoberhaupt des Islamischen Emirats Afghanistan, die (schon stark besch\u00e4digten) Buddha-Statuen von Bamiyan. Dadurch werden die Taliban in der Welt\u00f6ffentlichkeit bekannt. Buddha-Statuen von Bamiyan 9. September 2001 [&hellip;]","og_url":"http:\/\/af.dfettel.de\/?page_id=12","og_site_name":"Afghanistan Story","article_modified_time":"2023-02-21T13:07:31+00:00","og_image":[{"url":"http:\/\/af.dfettel.de\/wp-content\/uploads\/2023\/02\/350px-Taller_Buddha_of_Bamiyan_before_and_after_destruction-300x248.jpg"}],"twitter_card":"summary_large_image","twitter_misc":{"Gesch\u00e4tzte Lesezeit":"7\u00a0Minuten"},"schema":{"@context":"https:\/\/schema.org","@graph":[{"@type":"WebPage","@id":"http:\/\/af.dfettel.de\/?page_id=12","url":"http:\/\/af.dfettel.de\/?page_id=12","name":"Zeitleiste - Afghanistan Story","isPartOf":{"@id":"https:\/\/af.dfettel.de\/#website"},"datePublished":"2023-02-15T17:51:42+00:00","dateModified":"2023-02-21T13:07:31+00:00","breadcrumb":{"@id":"http:\/\/af.dfettel.de\/?page_id=12#breadcrumb"},"inLanguage":"de","potentialAction":[{"@type":"ReadAction","target":["http:\/\/af.dfettel.de\/?page_id=12"]}]},{"@type":"BreadcrumbList","@id":"http:\/\/af.dfettel.de\/?page_id=12#breadcrumb","itemListElement":[{"@type":"ListItem","position":1,"name":"Startseite","item":"https:\/\/af.dfettel.de\/"},{"@type":"ListItem","position":2,"name":"Zeitleiste"}]},{"@type":"WebSite","@id":"https:\/\/af.dfettel.de\/#website","url":"https:\/\/af.dfettel.de\/","name":"Afghanistan Story","description":"Dokumentation des Einsatz der Bundeswehr 2001 - 2021","potentialAction":[{"@type":"SearchAction","target":{"@type":"EntryPoint","urlTemplate":"https:\/\/af.dfettel.de\/?s={search_term_string}"},"query-input":"required name=search_term_string"}],"inLanguage":"de"}]}},"_links":{"self":[{"href":"https:\/\/af.dfettel.de\/index.php?rest_route=\/wp\/v2\/pages\/12"}],"collection":[{"href":"https:\/\/af.dfettel.de\/index.php?rest_route=\/wp\/v2\/pages"}],"about":[{"href":"https:\/\/af.dfettel.de\/index.php?rest_route=\/wp\/v2\/types\/page"}],"author":[{"embeddable":true,"href":"https:\/\/af.dfettel.de\/index.php?rest_route=\/wp\/v2\/users\/1"}],"replies":[{"embeddable":true,"href":"https:\/\/af.dfettel.de\/index.php?rest_route=%2Fwp%2Fv2%2Fcomments&post=12"}],"version-history":[{"count":25,"href":"https:\/\/af.dfettel.de\/index.php?rest_route=\/wp\/v2\/pages\/12\/revisions"}],"predecessor-version":[{"id":148,"href":"https:\/\/af.dfettel.de\/index.php?rest_route=\/wp\/v2\/pages\/12\/revisions\/148"}],"wp:attachment":[{"href":"https:\/\/af.dfettel.de\/index.php?rest_route=%2Fwp%2Fv2%2Fmedia&parent=12"}],"curies":[{"name":"wp","href":"https:\/\/api.w.org\/{rel}","templated":true}]}}