{"id":2,"date":"2016-05-10T03:48:21","date_gmt":"2016-05-10T03:48:21","guid":{"rendered":"http:\/\/af.dfettel.de\/?page_id=2"},"modified":"2023-02-20T18:05:38","modified_gmt":"2023-02-20T18:05:38","slug":"sample-page","status":"publish","type":"page","link":"https:\/\/af.dfettel.de\/?page_id=2","title":{"rendered":"Grundlagen"},"content":{"rendered":"<p style=\"text-align: left;\"><strong>Prolog:<\/strong><br \/>\nAm 11. September 2001 werden das World Trade Center in New York und das<br \/>\nPentagon in Arlington von einem koordinierten Terroranschlag mit entf\u00fchrten Passagierflugzeugen getroffen.<br \/>\nDer Nordturm der Zwillingst\u00fcrme des World Trade Centers wird um 8:46 Uhr Ortszeit<br \/>\nvon einem Flugzeug (American-Airlines-Flug 11) erfasst. Um 9:03 Uhr fliegt ein weiteres Flugzeug<br \/>\n(United-Airlines-Flug 175) in den S\u00fcdturm. Beide Wolkenkratzer st\u00fcrzen im Laufe der folgenden<br \/>\nanderthalb Stunden komplett ein. Um 9:37 Uhr wird ein drittes Flugzeug \u00fcber dem<br \/>\nPentagon \u2013 dem amerikanischen Verteidigungsministerium \u2013 von Terroristen zum Absturz<br \/>\ngebracht. Das Pentagon wird mittelschwer besch\u00e4digt. Ein viertes von Terroristen entf\u00fchrtes<br \/>\nFlugzeug (United-Airlines-Flug 93) st\u00fcrzt um 10:03 Uhr nach einem Kampf zwischen den<br \/>\nPassagieren und Entf\u00fchrern in einem unbebauten Gebiet ab. Um 17:20 Uhr st\u00fcrzt in New York das<br \/>\nneben den gro\u00dfen T\u00fcrmen gelegene Geb\u00e4ude WTC 7 vollst\u00e4ndig ein.<br \/>\nInsgesamt sterben bei den Anschl\u00e4gen 2.977 Menschen aus 92 L\u00e4ndern sowie 19 Selbstmordattent\u00e4ter.<\/p>\n<p style=\"text-align: left;\">Elf Deutsche sind unter den Todesopfern. \u00dcber 6.000 Menschen werden verletzt.<\/p>\n<p style=\"text-align: left;\"><img decoding=\"async\" loading=\"lazy\" class=\"alignnone size-medium wp-image-66\" src=\"http:\/\/af.dfettel.de\/wp-content\/uploads\/2023\/02\/New-York-300x202.jpg\" alt=\"\" width=\"300\" height=\"202\" srcset=\"https:\/\/af.dfettel.de\/wp-content\/uploads\/2023\/02\/New-York-300x202.jpg 300w, https:\/\/af.dfettel.de\/wp-content\/uploads\/2023\/02\/New-York-1024x690.jpg 1024w, https:\/\/af.dfettel.de\/wp-content\/uploads\/2023\/02\/New-York-768x518.jpg 768w, https:\/\/af.dfettel.de\/wp-content\/uploads\/2023\/02\/New-York-900x607.jpg 900w, https:\/\/af.dfettel.de\/wp-content\/uploads\/2023\/02\/New-York.jpg 1190w\" sizes=\"(max-width: 300px) 100vw, 300px\" \/><\/p>\n<p>Die islamistische terroristische Organisation Al-Qaida und ihr Anf\u00fchrer, der saudi-arabische<br \/>\nStaatsb\u00fcrger Osama bin Laden, werden als Drahtzieher identifiziert. Osama bin Laden befindet<br \/>\nsich in der Zeit in Afghanistan, in einem von den streng islamistischen Taliban geduldeten<br \/>\nRefugium. US-Pr\u00e4sident George W. Bush verlangt von der afghanischen Regierung in einem<br \/>\nUltimatum die \u00dcberstellung bin Ladens an die USA. Dazu kommt es nicht. Am 21. September 2001<br \/>\nweisen die Taliban das Ultimatum ab. Der \u201eKrieg gegen den Terror\u201c, so der amerikanische<br \/>\nPr\u00e4sident, nimmt seinen Lauf.<\/p>\n","protected":false},"excerpt":{"rendered":"<p>Prolog: Am 11. September 2001 werden das World Trade Center in New York und das Pentagon in Arlington von einem koordinierten Terroranschlag mit entf\u00fchrten Passagierflugzeugen getroffen. Der Nordturm der Zwillingst\u00fcrme des World Trade Centers wird um 8:46 Uhr Ortszeit von einem Flugzeug (American-Airlines-Flug 11) erfasst. Um 9:03 Uhr fliegt ein weiteres Flugzeug (United-Airlines-Flug 175) in [&hellip;]<\/p>\n","protected":false},"author":1,"featured_media":0,"parent":0,"menu_order":0,"comment_status":"closed","ping_status":"open","template":"","meta":[],"yoast_head":"<!-- This site is optimized with the Yoast SEO plugin v20.1 - https:\/\/yoast.com\/wordpress\/plugins\/seo\/ -->\n<title>Grundlagen - Afghanistan Story<\/title>\n<meta name=\"robots\" content=\"index, follow, max-snippet:-1, max-image-preview:large, max-video-preview:-1\" \/>\n<link rel=\"canonical\" href=\"https:\/\/af.dfettel.de\/?page_id=2\" \/>\n<meta property=\"og:locale\" content=\"de_DE\" \/>\n<meta property=\"og:type\" content=\"article\" \/>\n<meta property=\"og:title\" content=\"Grundlagen - Afghanistan Story\" \/>\n<meta property=\"og:description\" content=\"Prolog: Am 11. September 2001 werden das World Trade Center in New York und das Pentagon in Arlington von einem koordinierten Terroranschlag mit entf\u00fchrten Passagierflugzeugen getroffen. Der Nordturm der Zwillingst\u00fcrme des World Trade Centers wird um 8:46 Uhr Ortszeit von einem Flugzeug (American-Airlines-Flug 11) erfasst. Um 9:03 Uhr fliegt ein weiteres Flugzeug (United-Airlines-Flug 175) in [&hellip;]\" \/>\n<meta property=\"og:url\" content=\"https:\/\/af.dfettel.de\/?page_id=2\" \/>\n<meta property=\"og:site_name\" content=\"Afghanistan Story\" \/>\n<meta property=\"article:modified_time\" content=\"2023-02-20T18:05:38+00:00\" \/>\n<meta property=\"og:image\" content=\"http:\/\/af.dfettel.de\/wp-content\/uploads\/2023\/02\/New-York-300x202.jpg\" \/>\n<meta name=\"twitter:card\" content=\"summary_large_image\" \/>\n<meta name=\"twitter:label1\" content=\"Gesch\u00e4tzte Lesezeit\" \/>\n\t<meta name=\"twitter:data1\" content=\"1\u00a0Minute\" \/>\n<script type=\"application\/ld+json\" class=\"yoast-schema-graph\">{\"@context\":\"https:\/\/schema.org\",\"@graph\":[{\"@type\":\"WebPage\",\"@id\":\"https:\/\/af.dfettel.de\/?page_id=2\",\"url\":\"https:\/\/af.dfettel.de\/?page_id=2\",\"name\":\"Grundlagen - Afghanistan Story\",\"isPartOf\":{\"@id\":\"https:\/\/af.dfettel.de\/#website\"},\"datePublished\":\"2016-05-10T03:48:21+00:00\",\"dateModified\":\"2023-02-20T18:05:38+00:00\",\"breadcrumb\":{\"@id\":\"https:\/\/af.dfettel.de\/?page_id=2#breadcrumb\"},\"inLanguage\":\"de\",\"potentialAction\":[{\"@type\":\"ReadAction\",\"target\":[\"https:\/\/af.dfettel.de\/?page_id=2\"]}]},{\"@type\":\"BreadcrumbList\",\"@id\":\"https:\/\/af.dfettel.de\/?page_id=2#breadcrumb\",\"itemListElement\":[{\"@type\":\"ListItem\",\"position\":1,\"name\":\"Startseite\",\"item\":\"https:\/\/af.dfettel.de\/\"},{\"@type\":\"ListItem\",\"position\":2,\"name\":\"Grundlagen\"}]},{\"@type\":\"WebSite\",\"@id\":\"https:\/\/af.dfettel.de\/#website\",\"url\":\"https:\/\/af.dfettel.de\/\",\"name\":\"Afghanistan Story\",\"description\":\"Dokumentation des Einsatz der Bundeswehr 2001 - 2021\",\"potentialAction\":[{\"@type\":\"SearchAction\",\"target\":{\"@type\":\"EntryPoint\",\"urlTemplate\":\"https:\/\/af.dfettel.de\/?s={search_term_string}\"},\"query-input\":\"required name=search_term_string\"}],\"inLanguage\":\"de\"}]}<\/script>\n<!-- \/ Yoast SEO plugin. -->","yoast_head_json":{"title":"Grundlagen - Afghanistan Story","robots":{"index":"index","follow":"follow","max-snippet":"max-snippet:-1","max-image-preview":"max-image-preview:large","max-video-preview":"max-video-preview:-1"},"canonical":"https:\/\/af.dfettel.de\/?page_id=2","og_locale":"de_DE","og_type":"article","og_title":"Grundlagen - Afghanistan Story","og_description":"Prolog: Am 11. September 2001 werden das World Trade Center in New York und das Pentagon in Arlington von einem koordinierten Terroranschlag mit entf\u00fchrten Passagierflugzeugen getroffen. Der Nordturm der Zwillingst\u00fcrme des World Trade Centers wird um 8:46 Uhr Ortszeit von einem Flugzeug (American-Airlines-Flug 11) erfasst. Um 9:03 Uhr fliegt ein weiteres Flugzeug (United-Airlines-Flug 175) in [&hellip;]","og_url":"https:\/\/af.dfettel.de\/?page_id=2","og_site_name":"Afghanistan Story","article_modified_time":"2023-02-20T18:05:38+00:00","og_image":[{"url":"http:\/\/af.dfettel.de\/wp-content\/uploads\/2023\/02\/New-York-300x202.jpg"}],"twitter_card":"summary_large_image","twitter_misc":{"Gesch\u00e4tzte Lesezeit":"1\u00a0Minute"},"schema":{"@context":"https:\/\/schema.org","@graph":[{"@type":"WebPage","@id":"https:\/\/af.dfettel.de\/?page_id=2","url":"https:\/\/af.dfettel.de\/?page_id=2","name":"Grundlagen - Afghanistan Story","isPartOf":{"@id":"https:\/\/af.dfettel.de\/#website"},"datePublished":"2016-05-10T03:48:21+00:00","dateModified":"2023-02-20T18:05:38+00:00","breadcrumb":{"@id":"https:\/\/af.dfettel.de\/?page_id=2#breadcrumb"},"inLanguage":"de","potentialAction":[{"@type":"ReadAction","target":["https:\/\/af.dfettel.de\/?page_id=2"]}]},{"@type":"BreadcrumbList","@id":"https:\/\/af.dfettel.de\/?page_id=2#breadcrumb","itemListElement":[{"@type":"ListItem","position":1,"name":"Startseite","item":"https:\/\/af.dfettel.de\/"},{"@type":"ListItem","position":2,"name":"Grundlagen"}]},{"@type":"WebSite","@id":"https:\/\/af.dfettel.de\/#website","url":"https:\/\/af.dfettel.de\/","name":"Afghanistan Story","description":"Dokumentation des Einsatz der Bundeswehr 2001 - 2021","potentialAction":[{"@type":"SearchAction","target":{"@type":"EntryPoint","urlTemplate":"https:\/\/af.dfettel.de\/?s={search_term_string}"},"query-input":"required name=search_term_string"}],"inLanguage":"de"}]}},"_links":{"self":[{"href":"https:\/\/af.dfettel.de\/index.php?rest_route=\/wp\/v2\/pages\/2"}],"collection":[{"href":"https:\/\/af.dfettel.de\/index.php?rest_route=\/wp\/v2\/pages"}],"about":[{"href":"https:\/\/af.dfettel.de\/index.php?rest_route=\/wp\/v2\/types\/page"}],"author":[{"embeddable":true,"href":"https:\/\/af.dfettel.de\/index.php?rest_route=\/wp\/v2\/users\/1"}],"replies":[{"embeddable":true,"href":"https:\/\/af.dfettel.de\/index.php?rest_route=%2Fwp%2Fv2%2Fcomments&post=2"}],"version-history":[{"count":8,"href":"https:\/\/af.dfettel.de\/index.php?rest_route=\/wp\/v2\/pages\/2\/revisions"}],"predecessor-version":[{"id":120,"href":"https:\/\/af.dfettel.de\/index.php?rest_route=\/wp\/v2\/pages\/2\/revisions\/120"}],"wp:attachment":[{"href":"https:\/\/af.dfettel.de\/index.php?rest_route=%2Fwp%2Fv2%2Fmedia&parent=2"}],"curies":[{"name":"wp","href":"https:\/\/api.w.org\/{rel}","templated":true}]}}