{"id":23,"date":"2023-02-15T17:59:32","date_gmt":"2023-02-15T17:59:32","guid":{"rendered":"http:\/\/af.dfettel.de\/?page_id=23"},"modified":"2023-02-21T12:58:34","modified_gmt":"2023-02-21T12:58:34","slug":"afghanistan-story","status":"publish","type":"page","link":"https:\/\/af.dfettel.de\/","title":{"rendered":"Einleitung"},"content":{"rendered":"<p><strong>Das Drama nimmt seinen Lauf:<\/strong><\/p>\n<p>Der Krieg in Afghanistan begann am 7. Oktober 2001, als die USA und ihre Verb\u00fcndeten, darunter auch die <a href=\"\/?tag=bundeswehr\">Bundeswehr<\/a>, mit einer Invasion in das Land einmarschierten, um die Taliban-Regierung zu st\u00fcrzen. Der Krieg dauerte 20 Jahre und kostete das Leben von tausenden von Soldaten und Zivilisten. Als Journalist ist es meine Pflicht, \u00fcber diesen Krieg wahrheitsgem\u00e4\u00df und ehrlich zu berichten.<\/p>\n<div id=\"attachment_59\" style=\"width: 310px\" class=\"wp-caption alignright\"><img aria-describedby=\"caption-attachment-59\" decoding=\"async\" loading=\"lazy\" class=\"size-medium wp-image-59\" src=\"http:\/\/af.dfettel.de\/wp-content\/uploads\/2023\/02\/img-elfter-september-september-106__v-Podcast-300x300.jpg\" alt=\"New York, World Trade Center, 09.11.2001\" width=\"300\" height=\"300\" srcset=\"https:\/\/af.dfettel.de\/wp-content\/uploads\/2023\/02\/img-elfter-september-september-106__v-Podcast-300x300.jpg 300w, https:\/\/af.dfettel.de\/wp-content\/uploads\/2023\/02\/img-elfter-september-september-106__v-Podcast-1024x1024.jpg 1024w, https:\/\/af.dfettel.de\/wp-content\/uploads\/2023\/02\/img-elfter-september-september-106__v-Podcast-150x150.jpg 150w, https:\/\/af.dfettel.de\/wp-content\/uploads\/2023\/02\/img-elfter-september-september-106__v-Podcast-768x768.jpg 768w, https:\/\/af.dfettel.de\/wp-content\/uploads\/2023\/02\/img-elfter-september-september-106__v-Podcast-88x88.jpg 88w, https:\/\/af.dfettel.de\/wp-content\/uploads\/2023\/02\/img-elfter-september-september-106__v-Podcast-900x900.jpg 900w, https:\/\/af.dfettel.de\/wp-content\/uploads\/2023\/02\/img-elfter-september-september-106__v-Podcast-1280x1280.jpg 1280w, https:\/\/af.dfettel.de\/wp-content\/uploads\/2023\/02\/img-elfter-september-september-106__v-Podcast.jpg 1400w\" sizes=\"(max-width: 300px) 100vw, 300px\" \/><p id=\"caption-attachment-59\" class=\"wp-caption-text\">Ausl\u00f6ser des Einsatzes<\/p><\/div>\n<p>Als ich das erste Mal nach Afghanistan kam, war ich von der Sch\u00f6nheit des Landes fasziniert. Ich war jedoch auch schockiert \u00fcber die Armut und die Zerst\u00f6rung, die der Krieg verursacht hatte. Ich begann Interviews mit Soldaten, Politikern und Einheimischen zu f\u00fchren, um ihre Geschichten zu h\u00f6ren und einen umfassenden \u00dcberblick \u00fcber den Konflikt zu erhalten.<\/p>\n<p><a href=\"http:\/\/af.dfettel.de\/?page_id=43\">mehr lesen<\/a><\/p>\n<p>&nbsp;<\/p>\n","protected":false},"excerpt":{"rendered":"<p>Das Drama nimmt seinen Lauf: Der Krieg in Afghanistan begann am 7. Oktober 2001, als die USA und ihre Verb\u00fcndeten, darunter auch die Bundeswehr, mit einer Invasion in das Land einmarschierten, um die Taliban-Regierung zu st\u00fcrzen. Der Krieg dauerte 20 Jahre und kostete das Leben von tausenden von Soldaten und Zivilisten. Als Journalist ist es [&hellip;]<\/p>\n","protected":false},"author":1,"featured_media":0,"parent":0,"menu_order":0,"comment_status":"closed","ping_status":"closed","template":"","meta":[],"yoast_head":"<!-- This site is optimized with the Yoast SEO plugin v20.1 - https:\/\/yoast.com\/wordpress\/plugins\/seo\/ -->\n<title>Einleitung - Afghanistan Story<\/title>\n<meta name=\"description\" content=\"Als ich das erste Mal nach Afghanistan kam, war ich von der Sch\u00f6nheit des Landes fasziniert. Ich war jedoch auch schockiert \u00fcber die Armut und die Zerst\u00f6rung, die der Krieg verursacht hatte.\" \/>\n<meta name=\"robots\" content=\"index, follow, max-snippet:-1, max-image-preview:large, max-video-preview:-1\" \/>\n<link rel=\"canonical\" href=\"https:\/\/af.dfettel.de\/\" \/>\n<meta property=\"og:locale\" content=\"de_DE\" \/>\n<meta property=\"og:type\" content=\"article\" \/>\n<meta property=\"og:title\" content=\"Einleitung - Afghanistan Story\" \/>\n<meta property=\"og:description\" content=\"Als ich das erste Mal nach Afghanistan kam, war ich von der Sch\u00f6nheit des Landes fasziniert. Ich war jedoch auch schockiert \u00fcber die Armut und die Zerst\u00f6rung, die der Krieg verursacht hatte.\" \/>\n<meta property=\"og:url\" content=\"https:\/\/af.dfettel.de\/\" \/>\n<meta property=\"og:site_name\" content=\"Afghanistan Story\" \/>\n<meta property=\"article:modified_time\" content=\"2023-02-21T12:58:34+00:00\" \/>\n<meta property=\"og:image\" content=\"http:\/\/af.dfettel.de\/wp-content\/uploads\/2023\/02\/img-elfter-september-september-106__v-Podcast-300x300.jpg\" \/>\n<meta name=\"twitter:card\" content=\"summary_large_image\" \/>\n<meta name=\"twitter:label1\" content=\"Gesch\u00e4tzte Lesezeit\" \/>\n\t<meta name=\"twitter:data1\" content=\"1\u00a0Minute\" \/>\n<script type=\"application\/ld+json\" class=\"yoast-schema-graph\">{\"@context\":\"https:\/\/schema.org\",\"@graph\":[{\"@type\":\"WebPage\",\"@id\":\"https:\/\/af.dfettel.de\/\",\"url\":\"https:\/\/af.dfettel.de\/\",\"name\":\"Einleitung - Afghanistan Story\",\"isPartOf\":{\"@id\":\"https:\/\/af.dfettel.de\/#website\"},\"datePublished\":\"2023-02-15T17:59:32+00:00\",\"dateModified\":\"2023-02-21T12:58:34+00:00\",\"description\":\"Als ich das erste Mal nach Afghanistan kam, war ich von der Sch\u00f6nheit des Landes fasziniert. Ich war jedoch auch schockiert \u00fcber die Armut und die Zerst\u00f6rung, die der Krieg verursacht hatte.\",\"breadcrumb\":{\"@id\":\"https:\/\/af.dfettel.de\/#breadcrumb\"},\"inLanguage\":\"de\",\"potentialAction\":[{\"@type\":\"ReadAction\",\"target\":[\"https:\/\/af.dfettel.de\/\"]}]},{\"@type\":\"BreadcrumbList\",\"@id\":\"https:\/\/af.dfettel.de\/#breadcrumb\",\"itemListElement\":[{\"@type\":\"ListItem\",\"position\":1,\"name\":\"Startseite\",\"item\":\"https:\/\/af.dfettel.de\/\"},{\"@type\":\"ListItem\",\"position\":2,\"name\":\"Einleitung\"}]},{\"@type\":\"WebSite\",\"@id\":\"https:\/\/af.dfettel.de\/#website\",\"url\":\"https:\/\/af.dfettel.de\/\",\"name\":\"Afghanistan Story\",\"description\":\"Dokumentation des Einsatz der Bundeswehr 2001 - 2021\",\"potentialAction\":[{\"@type\":\"SearchAction\",\"target\":{\"@type\":\"EntryPoint\",\"urlTemplate\":\"https:\/\/af.dfettel.de\/?s={search_term_string}\"},\"query-input\":\"required name=search_term_string\"}],\"inLanguage\":\"de\"}]}<\/script>\n<!-- \/ Yoast SEO plugin. -->","yoast_head_json":{"title":"Einleitung - Afghanistan Story","description":"Als ich das erste Mal nach Afghanistan kam, war ich von der Sch\u00f6nheit des Landes fasziniert. Ich war jedoch auch schockiert \u00fcber die Armut und die Zerst\u00f6rung, die der Krieg verursacht hatte.","robots":{"index":"index","follow":"follow","max-snippet":"max-snippet:-1","max-image-preview":"max-image-preview:large","max-video-preview":"max-video-preview:-1"},"canonical":"https:\/\/af.dfettel.de\/","og_locale":"de_DE","og_type":"article","og_title":"Einleitung - Afghanistan Story","og_description":"Als ich das erste Mal nach Afghanistan kam, war ich von der Sch\u00f6nheit des Landes fasziniert. Ich war jedoch auch schockiert \u00fcber die Armut und die Zerst\u00f6rung, die der Krieg verursacht hatte.","og_url":"https:\/\/af.dfettel.de\/","og_site_name":"Afghanistan Story","article_modified_time":"2023-02-21T12:58:34+00:00","og_image":[{"url":"http:\/\/af.dfettel.de\/wp-content\/uploads\/2023\/02\/img-elfter-september-september-106__v-Podcast-300x300.jpg"}],"twitter_card":"summary_large_image","twitter_misc":{"Gesch\u00e4tzte Lesezeit":"1\u00a0Minute"},"schema":{"@context":"https:\/\/schema.org","@graph":[{"@type":"WebPage","@id":"https:\/\/af.dfettel.de\/","url":"https:\/\/af.dfettel.de\/","name":"Einleitung - Afghanistan Story","isPartOf":{"@id":"https:\/\/af.dfettel.de\/#website"},"datePublished":"2023-02-15T17:59:32+00:00","dateModified":"2023-02-21T12:58:34+00:00","description":"Als ich das erste Mal nach Afghanistan kam, war ich von der Sch\u00f6nheit des Landes fasziniert. Ich war jedoch auch schockiert \u00fcber die Armut und die Zerst\u00f6rung, die der Krieg verursacht hatte.","breadcrumb":{"@id":"https:\/\/af.dfettel.de\/#breadcrumb"},"inLanguage":"de","potentialAction":[{"@type":"ReadAction","target":["https:\/\/af.dfettel.de\/"]}]},{"@type":"BreadcrumbList","@id":"https:\/\/af.dfettel.de\/#breadcrumb","itemListElement":[{"@type":"ListItem","position":1,"name":"Startseite","item":"https:\/\/af.dfettel.de\/"},{"@type":"ListItem","position":2,"name":"Einleitung"}]},{"@type":"WebSite","@id":"https:\/\/af.dfettel.de\/#website","url":"https:\/\/af.dfettel.de\/","name":"Afghanistan Story","description":"Dokumentation des Einsatz der Bundeswehr 2001 - 2021","potentialAction":[{"@type":"SearchAction","target":{"@type":"EntryPoint","urlTemplate":"https:\/\/af.dfettel.de\/?s={search_term_string}"},"query-input":"required name=search_term_string"}],"inLanguage":"de"}]}},"_links":{"self":[{"href":"https:\/\/af.dfettel.de\/index.php?rest_route=\/wp\/v2\/pages\/23"}],"collection":[{"href":"https:\/\/af.dfettel.de\/index.php?rest_route=\/wp\/v2\/pages"}],"about":[{"href":"https:\/\/af.dfettel.de\/index.php?rest_route=\/wp\/v2\/types\/page"}],"author":[{"embeddable":true,"href":"https:\/\/af.dfettel.de\/index.php?rest_route=\/wp\/v2\/users\/1"}],"replies":[{"embeddable":true,"href":"https:\/\/af.dfettel.de\/index.php?rest_route=%2Fwp%2Fv2%2Fcomments&post=23"}],"version-history":[{"count":20,"href":"https:\/\/af.dfettel.de\/index.php?rest_route=\/wp\/v2\/pages\/23\/revisions"}],"predecessor-version":[{"id":144,"href":"https:\/\/af.dfettel.de\/index.php?rest_route=\/wp\/v2\/pages\/23\/revisions\/144"}],"wp:attachment":[{"href":"https:\/\/af.dfettel.de\/index.php?rest_route=%2Fwp%2Fv2%2Fmedia&parent=23"}],"curies":[{"name":"wp","href":"https:\/\/api.w.org\/{rel}","templated":true}]}}